{"id":410,"date":"2017-12-18T16:23:52","date_gmt":"2017-12-18T21:23:52","guid":{"rendered":"http:\/\/compositemtl.ca\/?page_id=410"},"modified":"2024-11-20T10:12:44","modified_gmt":"2024-11-20T15:12:44","slug":"contact","status":"publish","type":"page","link":"https:\/\/compositemtl.ca\/en\/contact\/","title":{"rendered":"Contact"},"content":{"rendered":"<div class=\"vc-row-container container\"><div class=\"vc_row wpb_row vc_row-fluid\"><div class=\"wpb_column vc_column_container vc_col-sm-12\"><div class=\"vc_column-inner\"><div class=\"wpb_wrapper\"><div class=\"vc_empty_space\"   style=\"height: 20px\"><span class=\"vc_empty_space_inner\"><\/span><\/div>\n\t<div  class=\"wpb_single_image wpb_content_element vc_align_center\">\n\t\t\n\t\t<figure class=\"wpb_wrapper vc_figure\">\n\t\t\t<div class=\"vc_single_image-wrapper   vc_box_border_grey\"><img width=\"1790\" height=\"456\" src=\"https:\/\/compositemtl.ca\/wp-content\/uploads\/2021\/01\/Contact_Banner.jpg\" class=\"vc_single_image-img attachment-full\" alt=\"\" loading=\"lazy\" title=\"Contact_Banner\" srcset=\"https:\/\/compositemtl.ca\/wp-content\/uploads\/2021\/01\/Contact_Banner.jpg 1790w, https:\/\/compositemtl.ca\/wp-content\/uploads\/2021\/01\/Contact_Banner-300x76.jpg 300w, https:\/\/compositemtl.ca\/wp-content\/uploads\/2021\/01\/Contact_Banner-1024x261.jpg 1024w, https:\/\/compositemtl.ca\/wp-content\/uploads\/2021\/01\/Contact_Banner-768x196.jpg 768w, https:\/\/compositemtl.ca\/wp-content\/uploads\/2021\/01\/Contact_Banner-1536x391.jpg 1536w, https:\/\/compositemtl.ca\/wp-content\/uploads\/2021\/01\/Contact_Banner-16x4.jpg 16w, https:\/\/compositemtl.ca\/wp-content\/uploads\/2021\/01\/Contact_Banner-1612x411.jpg 1612w, https:\/\/compositemtl.ca\/wp-content\/uploads\/2021\/01\/Contact_Banner-1116x284.jpg 1116w, https:\/\/compositemtl.ca\/wp-content\/uploads\/2021\/01\/Contact_Banner-806x205.jpg 806w, https:\/\/compositemtl.ca\/wp-content\/uploads\/2021\/01\/Contact_Banner-558x142.jpg 558w, https:\/\/compositemtl.ca\/wp-content\/uploads\/2021\/01\/Contact_Banner-655x167.jpg 655w, https:\/\/compositemtl.ca\/wp-content\/uploads\/2021\/01\/Contact_Banner-24x6.jpg 24w, https:\/\/compositemtl.ca\/wp-content\/uploads\/2021\/01\/Contact_Banner-36x9.jpg 36w, https:\/\/compositemtl.ca\/wp-content\/uploads\/2021\/01\/Contact_Banner-48x12.jpg 48w\" sizes=\"(max-width: 1790px) 100vw, 1790px\" \/><\/div>\n\t\t<\/figure>\n\t<\/div>\n<\/div><\/div><\/div><\/div><\/div><div class=\"vc-row-container container\"><div class=\"vc_row wpb_row vc_row-fluid\"><div class=\"wpb_column vc_column_container vc_col-sm-3\"><div class=\"vc_column-inner\"><div class=\"wpb_wrapper\">\n\t<div class=\"wpb_text_column wpb_content_element  post-formatting\" >\n\t\t<div class=\"wpb_wrapper\">\n\t\t\t<p><span style=\"color: #000000; font-size: 35px;\"><em>Contactez-nous pour toutes vos questions ou demandes de renseignements, et nous vous reviendrons bient\u00f4t!<\/em><\/span><\/p>\n\n\t\t<\/div>\n\t<\/div>\n<\/div><\/div><\/div><div class=\"wpb_column vc_column_container vc_col-sm-9\"><div class=\"vc_column-inner\"><div class=\"wpb_wrapper\"><div class=\"lab-contact-form contact-form\">\n\n\t<form action=\"\" method=\"post\" class=\"contact-form\" id=\"el_69d430635ff3a\" data-alerts=\"0\" data-alerts-msg=\"Please fill &quot;%&quot; field.\" data-privacy-error-msg=\"You must check privacy policy checkbox in order to submit the form.\" novalidate data-trp-original-action=\"\">\n\n\t\t<div class=\"row\">\n\n    \t\t<div class=\"col-sm-6\">\n\t\t\t\t<div class=\"form-group labeled-input-row\">\n\t\t\t\t\t\t\t\t\t\t<label for=\"el_69d430635ff3a_name\">Name:<\/label>\n\t\t\t\t\t\t\t\t\t\t<input name=\"name\" id=\"el_69d430635ff3a_name\" type=\"text\" placeholder=\"\" data-label=\"Nom\">\n\t\t\t\t<\/div>\n    \t\t<\/div>\n\n\t\t\t<div class=\"col-sm-6\">\n\t\t\t\t<div class=\"form-group labeled-input-row\">\n\t\t\t\t\t\t\t\t\t\t<label for=\"el_69d430635ff3a_email\">E-mail:<\/label>\n\t\t\t\t\t\t\t\t\t\t<input name=\"email\" id=\"el_69d430635ff3a_email\" type=\"email\" placeholder=\"\" data-label=\"Courriel\">\n\t\t\t\t<\/div>\n\t\t\t<\/div>\n\n\t\t\t\n\t\t\t<div class=\"col-sm-12\">\n\t\t\t\t<div class=\"form-group labeled-textarea-row\">\n\t\t\t\t\t\t\t\t\t\t<label for=\"el_69d430635ff3a_message\">Message:<\/label>\n\t\t\t\t\t\t\t\t\t\t<textarea name=\"message\" id=\"el_69d430635ff3a_message\" placeholder=\"\" data-label=\"Message\"><\/textarea>\n\t\t\t\t<\/div>\n\t\t\t<\/div>\n\n\t\t<\/div><!-- row -->\n\n\t\t\n\t\t\n\t\t<button type=\"submit\" name=\"send\" class=\"button\">\n\t\t\t<span class=\"pre-submit\">Send Message<\/span>\n\t\t\t<span class=\"success-msg\">Merci \/ Thank you! <i class=\"flaticon-verification24\"><\/i><\/span>\n\t\t\t<span class=\"loading-bar\">\n\t\t\t\t<span><\/span>\n\t\t\t<\/span>\n\t\t<\/button>\n\n\t<input type=\"hidden\" name=\"trp-form-language\" value=\"en\"\/><\/form>\n\n<\/div><\/div><\/div><\/div><div class=\"wpb_column vc_column_container vc_col-sm-12\"><div class=\"vc_column-inner\"><div class=\"wpb_wrapper\"><div class=\"vc_separator wpb_content_element vc_separator_align_center vc_sep_width_100 vc_sep_pos_align_center vc_separator_no_text vc_sep_color_white\" ><span class=\"vc_sep_holder vc_sep_holder_l\"><span  class=\"vc_sep_line\"><\/span><\/span><span class=\"vc_sep_holder vc_sep_holder_r\"><span  class=\"vc_sep_line\"><\/span><\/span>\n<\/div>\n\t<div class=\"wpb_text_column wpb_content_element  post-formatting\" >\n\t\t<div class=\"wpb_wrapper\">\n\t\t\t<h4><span style=\"color: #000000;\"><strong>Contacts for the Conseil des arts de Montr\u00e9al<\/strong><\/span><\/h4>\n\n\t\t<\/div>\n\t<\/div>\n<div class=\"vc_row wpb_row vc_inner vc_row-fluid\"><div class=\"wpb_column vc_column_container vc_col-sm-6\"><div class=\"vc_column-inner\"><div class=\"wpb_wrapper\">\n\t<div class=\"wpb_text_column wpb_content_element  post-formatting\" >\n\t\t<div class=\"wpb_wrapper\">\n\t\t\t<p><span style=\"color: #000000;\"><strong>Julien Valmary,\u00a0<\/strong><\/span><\/p>\n<p><span style=\"color: #000000;\"><strong>Director of Support and Strategic Initiatives.\u00a0<\/strong><\/span><\/p>\n<p><a href=\"mailto:julien.valmary@montreal.ca\" target=\"_blank\" rel=\"noopener\">julien.valmary@montreal.ca<\/a><\/p>\n\n\t\t<\/div>\n\t<\/div>\n<\/div><\/div><\/div><div class=\"wpb_column vc_column_container vc_col-sm-6\"><div class=\"vc_column-inner\"><div class=\"wpb_wrapper\">\n\t<div class=\"wpb_text_column wpb_content_element  post-formatting\" >\n\t\t<div class=\"wpb_wrapper\">\n\t\t\t<p><span style=\"color: #000000;\"><strong>Marie-Mich\u00e8le Cron, <\/strong><\/span><\/p>\n<p><span style=\"color: #000000;\"><strong>Cultural Counsellor - digital and visual arts.<\/strong><\/span><\/p>\n<p><a href=\"mailto:marie-michele.cron@montreal.ca\">marie-michele.cron@montreal.ca<\/a><\/p>\n\n\t\t<\/div>\n\t<\/div>\n<\/div><\/div><\/div><\/div><\/div><\/div><\/div><\/div><\/div>","protected":false},"excerpt":{"rendered":"Contactez-nous pour toutes vos questions ou demandes de renseignements, et nous vous reviendrons bient\u00f4t! Nom: Courriel: Message: Envoyer Message Merci \/ Thank you! Contacts pour Le Conseil des arts de Montr\u00e9al : Julien Valmary,\u00a0 Directeur du soutien et des initiatives strat\u00e9giques.\u00a0 julien.valmary@montreal.ca Marie-Mich\u00e8le Cron, Conseill\u00e8re culturelle - arts num\u00e9riques et arts visuels. marie-michele.cron@montreal.ca","protected":false},"author":1,"featured_media":0,"parent":0,"menu_order":0,"comment_status":"closed","ping_status":"closed","template":"","meta":[],"acf":[],"_links":{"self":[{"href":"https:\/\/compositemtl.ca\/en\/wp-json\/wp\/v2\/pages\/410"}],"collection":[{"href":"https:\/\/compositemtl.ca\/en\/wp-json\/wp\/v2\/pages"}],"about":[{"href":"https:\/\/compositemtl.ca\/en\/wp-json\/wp\/v2\/types\/page"}],"author":[{"embeddable":true,"href":"https:\/\/compositemtl.ca\/en\/wp-json\/wp\/v2\/users\/1"}],"replies":[{"embeddable":true,"href":"https:\/\/compositemtl.ca\/en\/wp-json\/wp\/v2\/comments?post=410"}],"version-history":[{"count":32,"href":"https:\/\/compositemtl.ca\/en\/wp-json\/wp\/v2\/pages\/410\/revisions"}],"predecessor-version":[{"id":3555,"href":"https:\/\/compositemtl.ca\/en\/wp-json\/wp\/v2\/pages\/410\/revisions\/3555"}],"wp:attachment":[{"href":"https:\/\/compositemtl.ca\/en\/wp-json\/wp\/v2\/media?parent=410"}],"curies":[{"name":"wp","href":"https:\/\/api.w.org\/{rel}","templated":true}]}}