{"id":388,"date":"2017-12-18T16:08:48","date_gmt":"2017-12-18T21:08:48","guid":{"rendered":"http:\/\/compositemtl.ca\/?page_id=388"},"modified":"2025-01-28T11:14:59","modified_gmt":"2025-01-28T16:14:59","slug":"a-propos","status":"publish","type":"page","link":"https:\/\/compositemtl.ca\/en\/a-propos\/","title":{"rendered":"About"},"content":{"rendered":"<div class=\"vc-row-container container\"><div class=\"vc_row wpb_row vc_row-fluid\"><div class=\"wpb_column vc_column_container vc_col-sm-12\"><div class=\"vc_column-inner\"><div class=\"wpb_wrapper\"><div class=\"vc_empty_space\"   style=\"height: 20px\"><span class=\"vc_empty_space_inner\"><\/span><\/div>\n\t<div  class=\"wpb_single_image wpb_content_element vc_align_center\">\n\t\t\n\t\t<figure class=\"wpb_wrapper vc_figure\">\n\t\t\t<div class=\"vc_single_image-wrapper   vc_box_border_grey\"><img width=\"1437\" height=\"394\" src=\"https:\/\/compositemtl.ca\/wp-content\/uploads\/2021\/01\/About_Banner-1.jpg\" class=\"vc_single_image-img attachment-full\" alt=\"\" loading=\"lazy\" title=\"About_Banner\" srcset=\"https:\/\/compositemtl.ca\/wp-content\/uploads\/2021\/01\/About_Banner-1.jpg 1437w, https:\/\/compositemtl.ca\/wp-content\/uploads\/2021\/01\/About_Banner-1-300x82.jpg 300w, https:\/\/compositemtl.ca\/wp-content\/uploads\/2021\/01\/About_Banner-1-1024x281.jpg 1024w, https:\/\/compositemtl.ca\/wp-content\/uploads\/2021\/01\/About_Banner-1-768x211.jpg 768w, https:\/\/compositemtl.ca\/wp-content\/uploads\/2021\/01\/About_Banner-1-16x4.jpg 16w, https:\/\/compositemtl.ca\/wp-content\/uploads\/2021\/01\/About_Banner-1-1116x306.jpg 1116w, https:\/\/compositemtl.ca\/wp-content\/uploads\/2021\/01\/About_Banner-1-806x221.jpg 806w, https:\/\/compositemtl.ca\/wp-content\/uploads\/2021\/01\/About_Banner-1-558x153.jpg 558w, https:\/\/compositemtl.ca\/wp-content\/uploads\/2021\/01\/About_Banner-1-655x180.jpg 655w, https:\/\/compositemtl.ca\/wp-content\/uploads\/2021\/01\/About_Banner-1-24x7.jpg 24w, https:\/\/compositemtl.ca\/wp-content\/uploads\/2021\/01\/About_Banner-1-36x10.jpg 36w, https:\/\/compositemtl.ca\/wp-content\/uploads\/2021\/01\/About_Banner-1-48x13.jpg 48w\" sizes=\"(max-width: 1437px) 100vw, 1437px\" \/><\/div>\n\t\t<\/figure>\n\t<\/div>\n<\/div><\/div><\/div><\/div><\/div><div class=\"vc-row-container container\"><div class=\"vc_row wpb_row vc_row-fluid\"><div class=\"wpb_column vc_column_container vc_col-sm-9\"><div class=\"vc_column-inner\"><div class=\"wpb_wrapper\">\n\t<div class=\"wpb_text_column wpb_content_element  post-formatting\" >\n\t\t<div class=\"wpb_wrapper\">\n\t\t\t<p><span style=\"font-weight: 400;\">COMPOSITE is an appointment <strong>quarterly networking magazine dedicated to digital creativity<\/strong>. It was born from an initiative of the Conseil des arts de Montr\u00e9al, and is now coordinated by MAPP_MTL in collaboration with important actors of the Montreal digital sector. The goal of this event is to create a recurring meeting place between the art and industry sectors of the digital sector, by encouraging <strong>the meeting and pollination of creators, artist-run centers, organizations, companies and digital professionals.<\/strong><\/span><\/p>\n<p>The COMPOSITE MINUTES introduce the evening: 6 to 10 digital players each have one minute to present a short project, make an important announcement for the digital creation sector, or share a project that has inspired them.<\/p>\n<p>This is followed by 6 keynote presentations, each lasting 5 minutes. These minutes and projects are pre-selected by the COMPOSITE committee through a call for participants. Projects may come from the worlds of art, industry or social innovation, but the common thread is their ability to inspire, stimulate innovation and awaken in the audience a desire for discovery and exploration.<\/p>\n<p><span style=\"font-weight: 400;\">The event concludes with an <em>evening of networking<\/em>, the purpose of the workshop was to provide a forum for discussion, allowing both presenters and participants to network and develop their respective projects.<\/span><\/p>\n\n\t\t<\/div>\n\t<\/div>\n<\/div><\/div><\/div><div class=\"wpb_column vc_column_container vc_col-sm-3\"><div class=\"vc_column-inner\"><div class=\"wpb_wrapper\">\n\t<div  class=\"wpb_single_image wpb_content_element vc_align_left\">\n\t\t\n\t\t<figure class=\"wpb_wrapper vc_figure\">\n\t\t\t<div class=\"vc_single_image-wrapper   vc_box_border_grey\"><img width=\"300\" height=\"109\" src=\"https:\/\/compositemtl.ca\/wp-content\/uploads\/2017\/12\/composite_logo-300x109.png\" class=\"vc_single_image-img attachment-medium\" alt=\"\" loading=\"lazy\" title=\"composite_logo\" srcset=\"https:\/\/compositemtl.ca\/wp-content\/uploads\/2017\/12\/composite_logo-300x109.png 300w, https:\/\/compositemtl.ca\/wp-content\/uploads\/2017\/12\/composite_logo.png 491w\" sizes=\"(max-width: 300px) 100vw, 300px\" \/><\/div>\n\t\t<\/figure>\n\t<\/div>\n<\/div><\/div><\/div><\/div><\/div><div class=\"vc-row-container container\"><div class=\"vc_row wpb_row vc_row-fluid\"><div class=\"wpb_column vc_column_container vc_col-sm-12\"><div class=\"vc_column-inner\"><div class=\"wpb_wrapper\"><div class=\"vc_separator wpb_content_element vc_separator_align_center vc_sep_width_100 vc_sep_pos_align_center vc_separator_no_text vc_sep_color_grey\" ><span class=\"vc_sep_holder vc_sep_holder_l\"><span  class=\"vc_sep_line\"><\/span><\/span><span class=\"vc_sep_holder vc_sep_holder_r\"><span  class=\"vc_sep_line\"><\/span><\/span>\n<\/div><\/div><\/div><\/div><\/div><\/div><div class=\"vc-row-container container\"><div class=\"vc_row wpb_row vc_row-fluid\"><div class=\"wpb_column vc_column_container vc_col-sm-12\"><div class=\"vc_column-inner\"><div class=\"wpb_wrapper\">\n\t<div class=\"wpb_text_column wpb_content_element  post-formatting\" >\n\t\t<div class=\"wpb_wrapper\">\n\t\t\t<p><strong><span style=\"color: #000; font-size: 25px; font-family: Roboto;\">An initiative of the Conseil des arts de Montr\u00e9al<\/span><\/strong><\/p>\n\n\t\t<\/div>\n\t<\/div>\n<\/div><\/div><\/div><\/div><\/div><div class=\"vc-row-container container\"><div class=\"vc_row wpb_row vc_row-fluid\"><div class=\"wpb_column vc_column_container vc_col-sm-3\"><div class=\"vc_column-inner\"><div class=\"wpb_wrapper\">\n\t<div  class=\"wpb_single_image wpb_content_element vc_align_left\">\n\t\t\n\t\t<figure class=\"wpb_wrapper vc_figure\">\n\t\t\t<a href=\"https:\/\/www.artsmontreal.org\/fr\" target=\"_blank\" class=\"vc_single_image-wrapper   vc_box_border_grey\"><img width=\"300\" height=\"109\" src=\"https:\/\/compositemtl.ca\/wp-content\/uploads\/2017\/12\/logo_cam-300x109.png\" class=\"vc_single_image-img attachment-medium\" alt=\"\" loading=\"lazy\" title=\"Conseil des Arts de Montr\u00e9al\" srcset=\"https:\/\/compositemtl.ca\/wp-content\/uploads\/2017\/12\/logo_cam-300x109.png 300w, https:\/\/compositemtl.ca\/wp-content\/uploads\/2017\/12\/logo_cam.png 491w\" sizes=\"(max-width: 300px) 100vw, 300px\" \/><\/a>\n\t\t<\/figure>\n\t<\/div>\n<\/div><\/div><\/div><div class=\"wpb_column vc_column_container vc_col-sm-9\"><div class=\"vc_column-inner\"><div class=\"wpb_wrapper\">\n\t<div class=\"wpb_text_column wpb_content_element  post-formatting\" >\n\t\t<div class=\"wpb_wrapper\">\n\t\t\t<p>Le Conseil identifies, accompanies, supports and recognizes artistic excellence. Through its grant programs, operational assistance, tours, residencies, its prizes, such as the Grand Prix of the Conseil des arts de Montr\u00e9al and a collection of mobilizing initiatives, le Conseil today is the dynamic partner of more than 400 Montreal artistic organizations and collectives.<\/p>\n<p>By helping distribute the works of artists in all districts of the island, le Conseil is making the city a lively and creative place in which the public can participate.<\/p>\n\n\t\t<\/div>\n\t<\/div>\n<\/div><\/div><\/div><\/div><\/div><div class=\"vc-row-container container\"><div class=\"vc_row wpb_row vc_row-fluid\"><div class=\"wpb_column vc_column_container vc_col-sm-12\"><div class=\"vc_column-inner\"><div class=\"wpb_wrapper\"><div class=\"vc_separator wpb_content_element vc_separator_align_center vc_sep_width_100 vc_sep_pos_align_center vc_separator_no_text vc_sep_color_grey\" ><span class=\"vc_sep_holder vc_sep_holder_l\"><span  class=\"vc_sep_line\"><\/span><\/span><span class=\"vc_sep_holder vc_sep_holder_r\"><span  class=\"vc_sep_line\"><\/span><\/span>\n<\/div>\n\t<div class=\"wpb_text_column wpb_content_element  post-formatting\" >\n\t\t<div class=\"wpb_wrapper\">\n\t\t\t<p><strong><span style=\"color: #000; font-size: 25px; font-family: Roboto;\">Coordinated by MAPP_MTL<\/span><\/strong><\/p>\n\n\t\t<\/div>\n\t<\/div>\n<\/div><\/div><\/div><\/div><\/div><div class=\"vc-row-container container\"><div class=\"vc_row wpb_row vc_row-fluid\"><div class=\"wpb_column vc_column_container vc_col-sm-3\"><div class=\"vc_column-inner\"><div class=\"wpb_wrapper\">\n\t<div  class=\"wpb_single_image wpb_content_element vc_align_left\">\n\t\t\n\t\t<figure class=\"wpb_wrapper vc_figure\">\n\t\t\t<a href=\"https:\/\/www.mappmtl.com\/\" target=\"_blank\" class=\"vc_single_image-wrapper   vc_box_border_grey\"><img width=\"150\" height=\"150\" src=\"https:\/\/compositemtl.ca\/wp-content\/uploads\/2020\/11\/MAPP_LOGO__square_1-150x150.png\" class=\"vc_single_image-img attachment-thumbnail\" alt=\"\" loading=\"lazy\" title=\"MAPP_LOGO__square_1\" srcset=\"https:\/\/compositemtl.ca\/wp-content\/uploads\/2020\/11\/MAPP_LOGO__square_1-150x150.png 150w, https:\/\/compositemtl.ca\/wp-content\/uploads\/2020\/11\/MAPP_LOGO__square_1-300x300.png 300w, https:\/\/compositemtl.ca\/wp-content\/uploads\/2020\/11\/MAPP_LOGO__square_1-1024x1024.png 1024w, https:\/\/compositemtl.ca\/wp-content\/uploads\/2020\/11\/MAPP_LOGO__square_1-768x768.png 768w, https:\/\/compositemtl.ca\/wp-content\/uploads\/2020\/11\/MAPP_LOGO__square_1-1536x1536.png 1536w, https:\/\/compositemtl.ca\/wp-content\/uploads\/2020\/11\/MAPP_LOGO__square_1-12x12.png 12w, https:\/\/compositemtl.ca\/wp-content\/uploads\/2020\/11\/MAPP_LOGO__square_1-468x468.png 468w, https:\/\/compositemtl.ca\/wp-content\/uploads\/2020\/11\/MAPP_LOGO__square_1-1612x1612.png 1612w, https:\/\/compositemtl.ca\/wp-content\/uploads\/2020\/11\/MAPP_LOGO__square_1-1116x1116.png 1116w, https:\/\/compositemtl.ca\/wp-content\/uploads\/2020\/11\/MAPP_LOGO__square_1-806x806.png 806w, https:\/\/compositemtl.ca\/wp-content\/uploads\/2020\/11\/MAPP_LOGO__square_1-558x558.png 558w, https:\/\/compositemtl.ca\/wp-content\/uploads\/2020\/11\/MAPP_LOGO__square_1-655x655.png 655w, https:\/\/compositemtl.ca\/wp-content\/uploads\/2020\/11\/MAPP_LOGO__square_1-e1606511471795.png 160w\" sizes=\"(max-width: 150px) 100vw, 150px\" \/><\/a>\n\t\t<\/figure>\n\t<\/div>\n<\/div><\/div><\/div><div class=\"wpb_column vc_column_container vc_col-sm-9\"><div class=\"vc_column-inner\"><div class=\"wpb_wrapper\">\n\t<div class=\"wpb_text_column wpb_content_element  post-formatting\" >\n\t\t<div class=\"wpb_wrapper\">\n\t\t\t<p><span style=\"color: #000000;\">MAPP_MTL is a non-profit organization whose primary mission is to foster the development of projection mapping while showcasing local and international talent. MAPP transforms public spaces into a terrain for creative expression!<\/span><\/p>\n\n\t\t<\/div>\n\t<\/div>\n<\/div><\/div><\/div><\/div><\/div>","protected":false},"excerpt":{"rendered":"COMPOSITE est un rendez-vous trimestriel\u00a0de r\u00e9seautage d\u00e9di\u00e9 \u00e0 la cr\u00e9ativit\u00e9 num\u00e9rique. Il est n\u00e9 d\u2019une initiative du Conseil des arts de Montr\u00e9al, et est maintenant coordonn\u00e9 par MAPP_MTL en collaboration avec les acteurs importants du num\u00e9rique montr\u00e9alais. Cet \u00e9v\u00e9nement a pour objectif de cr\u00e9er un espace de rencontre r\u00e9current entre le milieu de l\u2019art et&hellip;","protected":false},"author":1,"featured_media":0,"parent":0,"menu_order":0,"comment_status":"closed","ping_status":"closed","template":"","meta":[],"acf":[],"_links":{"self":[{"href":"https:\/\/compositemtl.ca\/en\/wp-json\/wp\/v2\/pages\/388"}],"collection":[{"href":"https:\/\/compositemtl.ca\/en\/wp-json\/wp\/v2\/pages"}],"about":[{"href":"https:\/\/compositemtl.ca\/en\/wp-json\/wp\/v2\/types\/page"}],"author":[{"embeddable":true,"href":"https:\/\/compositemtl.ca\/en\/wp-json\/wp\/v2\/users\/1"}],"replies":[{"embeddable":true,"href":"https:\/\/compositemtl.ca\/en\/wp-json\/wp\/v2\/comments?post=388"}],"version-history":[{"count":49,"href":"https:\/\/compositemtl.ca\/en\/wp-json\/wp\/v2\/pages\/388\/revisions"}],"predecessor-version":[{"id":3593,"href":"https:\/\/compositemtl.ca\/en\/wp-json\/wp\/v2\/pages\/388\/revisions\/3593"}],"wp:attachment":[{"href":"https:\/\/compositemtl.ca\/en\/wp-json\/wp\/v2\/media?parent=388"}],"curies":[{"name":"wp","href":"https:\/\/api.w.org\/{rel}","templated":true}]}}