{"id":415,"date":"2017-12-18T16:26:03","date_gmt":"2017-12-18T21:26:03","guid":{"rendered":"http:\/\/compositemtl.ca\/?page_id=415"},"modified":"2026-04-14T21:30:17","modified_gmt":"2026-04-15T01:30:17","slug":"prochain-composite","status":"publish","type":"page","link":"http:\/\/compositemtl.ca\/en\/prochain-composite\/","title":{"rendered":"Next Composite"},"content":{"rendered":"<div class=\"vc-row-container container\"><div class=\"vc_row wpb_row vc_row-fluid\"><div class=\"wpb_column vc_column_container vc_col-sm-12\"><div class=\"vc_column-inner\"><div class=\"wpb_wrapper\"><\/div><\/div><\/div><div class=\"wpb_column vc_column_container vc_col-sm-12\"><div class=\"vc_column-inner\"><div class=\"wpb_wrapper\">\n\t<div class=\"wpb_text_column wpb_content_element  vc_custom_1774823544835 post-formatting\" >\n\t\t<div class=\"wpb_wrapper\">\n\t\t\t<h3 style=\"line-height: 25px; margin-top: 1.5vw; text-align: center;\"><span style=\"color: #000000;\"><strong>Eastern Bloc in collaboration with the Ateliers <\/strong><strong>Belleville et le Goethe-Institut<\/strong><strong>is pleased to host Composite #46 on June 3, 2026.<\/strong><\/span><\/h3>\n\n\t\t<\/div>\n\t<\/div>\n\n\t<div  class=\"wpb_single_image wpb_content_element vc_align_center\">\n\t\t\n\t\t<figure class=\"wpb_wrapper vc_figure\">\n\t\t\t<div class=\"vc_single_image-wrapper   vc_box_border_grey\"><img width=\"945\" height=\"494\" src=\"http:\/\/compositemtl.ca\/wp-content\/uploads\/2026\/03\/linkedIn_publication_1200_627-1-1024x535.png\" class=\"vc_single_image-img attachment-large\" alt=\"\" loading=\"lazy\" title=\"linkedIn_publication_1200_627\" srcset=\"http:\/\/compositemtl.ca\/wp-content\/uploads\/2026\/03\/linkedIn_publication_1200_627-1-1024x535.png 1024w, http:\/\/compositemtl.ca\/wp-content\/uploads\/2026\/03\/linkedIn_publication_1200_627-1-300x157.png 300w, http:\/\/compositemtl.ca\/wp-content\/uploads\/2026\/03\/linkedIn_publication_1200_627-1-768x401.png 768w, http:\/\/compositemtl.ca\/wp-content\/uploads\/2026\/03\/linkedIn_publication_1200_627-1-1536x802.png 1536w, http:\/\/compositemtl.ca\/wp-content\/uploads\/2026\/03\/linkedIn_publication_1200_627-1-2048x1070.png 2048w, http:\/\/compositemtl.ca\/wp-content\/uploads\/2026\/03\/linkedIn_publication_1200_627-1-18x9.png 18w, http:\/\/compositemtl.ca\/wp-content\/uploads\/2026\/03\/linkedIn_publication_1200_627-1-1612x842.png 1612w, http:\/\/compositemtl.ca\/wp-content\/uploads\/2026\/03\/linkedIn_publication_1200_627-1-1116x583.png 1116w, http:\/\/compositemtl.ca\/wp-content\/uploads\/2026\/03\/linkedIn_publication_1200_627-1-806x421.png 806w, http:\/\/compositemtl.ca\/wp-content\/uploads\/2026\/03\/linkedIn_publication_1200_627-1-558x291.png 558w, http:\/\/compositemtl.ca\/wp-content\/uploads\/2026\/03\/linkedIn_publication_1200_627-1-655x342.png 655w, http:\/\/compositemtl.ca\/wp-content\/uploads\/2026\/03\/linkedIn_publication_1200_627-1-24x13.png 24w, http:\/\/compositemtl.ca\/wp-content\/uploads\/2026\/03\/linkedIn_publication_1200_627-1-36x19.png 36w, http:\/\/compositemtl.ca\/wp-content\/uploads\/2026\/03\/linkedIn_publication_1200_627-1-48x25.png 48w\" sizes=\"(max-width: 945px) 100vw, 945px\" \/><\/div>\n\t\t<\/figure>\n\t<\/div>\n\n\t<div class=\"wpb_text_column wpb_content_element  black post-formatting\" >\n\t\t<div class=\"wpb_wrapper\">\n\t\t\t<h3 style=\"line-height: 25px; margin-top: 1.5vw; text-align: center;\"><strong><span style=\"color: #000000;\">Composite is a quarterly networking event dedicated to digital creativity.<\/span><\/strong><\/h3>\n\n\t\t<\/div>\n\t<\/div>\n\n\t<div class=\"wpb_text_column wpb_content_element  post-formatting\" >\n\t\t<div class=\"wpb_wrapper\">\n\t\t\t<p>Eastern Bloc en collaboration avec les Ateliers Belleville et le Goethe-Institut, a le plaisir d\u2019accueillir la soir\u00e9e Composite #46 <strong>le mercredi 3 juin 2026<\/strong>.<br \/>\n<strong>Date limite pour soumettre vos projets :<span style=\"color: #000000;\"> <a style=\"color: #000000;\" href=\"https:\/\/form.jotform.com\/260877348885275\">le lundi 27 avril \u00e0 minuit.<\/a><\/span><\/strong><\/p>\n<h4><span style=\"color: #000000;\"><strong>CALL FOR PROJECTS<\/strong><\/span><\/h4>\n<p><strong>Submit your project<\/strong> (ART, RESEARCH, INDUSTRY, OR SOCIAL INNOVATION) <a href=\"https:\/\/form.jotform.com\/260877348885275\">en remplissant ce formulaire<\/a> afin d\u2019avoir la chance d\u2019\u00eatre s\u00e9lectionn\u00e9\u00b7e pour une pr\u00e9sentation en format Keynote de 5 minutes ou de 1 minute \u00e0 ce rendez-vous Composite. Les projets sont s\u00e9lectionn\u00e9s par le comit\u00e9 Composite et les organisateur\u00b7trice\u00b7s, selon la qualit\u00e9 du projet et l\u2019innovation de son approche au num\u00e9rique. Une priorit\u00e9 est donn\u00e9e aux acteur\u00b7trice\u00b7s \u00e9mergent\u00b7e\u00b7s et \u00e0 une repr\u00e9sentation diversifi\u00e9e des porteur\u00b7euse\u00b7s de projet.<\/p>\n<h4><span style=\"color: #000000;\"><strong>APPEL AUX MINUTES COMPOSITE<\/strong><\/span><\/h4>\n<p>Lors des soir\u00e9es Composite, les minutes Composite offrent une tribune ouverte o\u00f9 vous pouvez pr\u00e9senter un projet, faire une annonce importante pour le secteur, ou partager en 60 secondes un projet num\u00e9rique qui vous a inspir\u00e9. Si vous souhaitez participer aux minutes Composite, <a href=\"https:\/\/form.jotform.com\/260876977737278\">veuillez remplir ce formulaire<\/a>.<\/p>\n<p><span style=\"color: #000000;\">COMPOSITE is a quarterly networking event dedicated to digital creativity. It was initiated by the Conseil des arts de Montr\u00e9al and is coordinated by MAPP_MTL in collaboration with key players in Montreal\u2019s digital scene (MUTEK Montr\u00e9al, Z\u00f9 Montr\u00e9al, La Piscine, NFB, Society for Arts and Technology \u2013 SAT, HUB Montr\u00e9al, XN Qu\u00e9bec, SYNTH\u00c8SE, Akousma\u2026).<\/span><\/p>\n<p><span style=\"color: #000000;\">The aim of this event is to create a recurring meeting place between the art world and the digital industry, encouraging sharing and pollination between creators, artist-run centers, organizations, companies and digital professionals.<\/span><\/p>\n<h4><span style=\"color: #000000;\"><strong>\ud83d\udd52 Wednesday, June 3, 2026 at 5:30 PM<\/strong><\/span><br \/>\n<span style=\"color: #000000;\"><strong>\ud83d\udccd Ateliers Belleville, <em>545 Rue Legendre O, Montr\u00e9al<br \/>\n<\/em><a href=\"https:\/\/www.zeffy.com\/fr-CA\/ticketing\/composite-46-presente-par-eastern-bloc-x-les-ateliers-belleville-x-le-goethe-institut\">\ud83c\udf9f\ufe0f R\u00e9servez vos billets gratuits<\/a><\/strong><\/span><\/h4>\n\n\t\t<\/div>\n\t<\/div>\n<a href=\"https:\/\/form.jotform.com\/260877348885275\" title=\"https:\/\/form.jotform.com\/260877348885275\" target=\"\" class=\"laborator-btn btn btn-index-1 btn-type-standard  btn-white btn-normal\">Submit your project<\/a>\n<a href=\"https:\/\/form.jotform.com\/260876977737278\" title=\"https:\/\/form.jotform.com\/260876977737278\" target=\"\" class=\"laborator-btn btn btn-index-2 btn-type-standard  btn-white btn-normal\">Submit a Composite minute<\/a>\n<a href=\"https:\/\/www.instagram.com\/composite_mtl\" title=\"https:\/\/www.instagram.com\/composite_mtl\" target=\"\" class=\"laborator-btn btn btn-index-3 btn-type-standard  btn-white btn-normal\">Facebook Event<\/a>\n<a href=\"https:\/\/www.zeffy.com\/fr-CA\/ticketing\/composite-46-presente-par-eastern-bloc-x-les-ateliers-belleville-x-le-goethe-institut\" title=\"https:\/\/www.zeffy.com\/fr-CA\/ticketing\/composite-46-presente-par-eastern-bloc-x-les-ateliers-belleville-x-le-goethe-institut\" target=\"\" class=\"laborator-btn btn btn-index-4 btn-type-standard  btn-white btn-normal\">Reserve your free tickets<\/a>\n<div class=\"vc_separator wpb_content_element vc_separator_align_center vc_sep_width_100 vc_sep_pos_align_center vc_separator_no_text vc_sep_color_grey\" ><span class=\"vc_sep_holder vc_sep_holder_l\"><span  class=\"vc_sep_line\"><\/span><\/span><span class=\"vc_sep_holder vc_sep_holder_r\"><span  class=\"vc_sep_line\"><\/span><\/span>\n<\/div><div class=\"vc_row wpb_row vc_inner vc_row-fluid\"><div class=\"wpb_column vc_column_container vc_col-sm-4\"><div class=\"vc_column-inner\"><div class=\"wpb_wrapper\">\n\t<div  class=\"wpb_single_image wpb_content_element vc_align_left\">\n\t\t\n\t\t<figure class=\"wpb_wrapper vc_figure\">\n\t\t\t<div class=\"vc_single_image-wrapper   vc_box_border_grey\"><img width=\"168\" height=\"204\" src=\"http:\/\/compositemtl.ca\/wp-content\/uploads\/2026\/02\/0406bb_875c38d2b9d54d9bb26c107b9b1271d5mv2.png\" class=\"vc_single_image-img attachment-medium\" alt=\"\" loading=\"lazy\" title=\"0406bb_875c38d2b9d54d9bb26c107b9b1271d5~mv2\" srcset=\"http:\/\/compositemtl.ca\/wp-content\/uploads\/2026\/02\/0406bb_875c38d2b9d54d9bb26c107b9b1271d5mv2.png 168w, http:\/\/compositemtl.ca\/wp-content\/uploads\/2026\/02\/0406bb_875c38d2b9d54d9bb26c107b9b1271d5mv2-10x12.png 10w, http:\/\/compositemtl.ca\/wp-content\/uploads\/2026\/02\/0406bb_875c38d2b9d54d9bb26c107b9b1271d5mv2-20x24.png 20w, http:\/\/compositemtl.ca\/wp-content\/uploads\/2026\/02\/0406bb_875c38d2b9d54d9bb26c107b9b1271d5mv2-30x36.png 30w, http:\/\/compositemtl.ca\/wp-content\/uploads\/2026\/02\/0406bb_875c38d2b9d54d9bb26c107b9b1271d5mv2-40x48.png 40w\" sizes=\"(max-width: 168px) 100vw, 168px\" \/><\/div>\n\t\t<\/figure>\n\t<\/div>\n<\/div><\/div><\/div><div class=\"wpb_column vc_column_container vc_col-sm-7\"><div class=\"vc_column-inner\"><div class=\"wpb_wrapper\">\n\t<div class=\"wpb_text_column wpb_content_element  post-formatting\" >\n\t\t<div class=\"wpb_wrapper\">\n\t\t\t<div class=\"o9v6fnle cxmmr5t8 oygrvhab hcukyx3x c1et5uql\"><span style=\"color: #000000;\"><strong>\u00c0 PROPOS DE EASTERN BLOC<\/strong><\/span><br \/>\n<a href=\"https:\/\/www.easternbloc.ca\/\">https:\/\/www.easternbloc.ca\/\u00a0<\/a><\/div>\n<div><\/div>\n<div class=\"o9v6fnle cxmmr5t8 oygrvhab hcukyx3x c1et5uql\"><span style=\"color: #000000;\">Eastern Bloc est un centre d&rsquo;artistes qui a pour mission de cultiver un espace pour les pratiques artistiques \u00e9mergentes et les id\u00e9es critiques, \u00e0 travers l&rsquo;utilisation des technologies sous toutes leurs formes. Au croisement de l&rsquo;art, de la science et de la technologie, le centre accompagne les artistes en d\u00e9but et mi-carri\u00e8re de la cr\u00e9ation \u00e0 la diffusion, par une programmation exp\u00e9rimentale et collaborative port\u00e9e notamment par son festival SIGHT+SOUND.<\/span><\/div>\n\n\t\t<\/div>\n\t<\/div>\n<\/div><\/div><\/div><div class=\"wpb_column vc_column_container vc_col-sm-12\"><div class=\"vc_column-inner\"><div class=\"wpb_wrapper\"><div class=\"vc_separator wpb_content_element vc_separator_align_center vc_sep_width_100 vc_sep_pos_align_center vc_separator_no_text vc_sep_color_grey\" ><span class=\"vc_sep_holder vc_sep_holder_l\"><span  class=\"vc_sep_line\"><\/span><\/span><span class=\"vc_sep_holder vc_sep_holder_r\"><span  class=\"vc_sep_line\"><\/span><\/span>\n<\/div><\/div><\/div><\/div><\/div><div class=\"vc_row wpb_row vc_inner vc_row-fluid\"><div class=\"wpb_column vc_column_container vc_col-sm-4\"><div class=\"vc_column-inner\"><div class=\"wpb_wrapper\">\n\t<div  class=\"wpb_single_image wpb_content_element vc_align_left\">\n\t\t\n\t\t<figure class=\"wpb_wrapper vc_figure\">\n\t\t\t<div class=\"vc_single_image-wrapper   vc_box_border_grey\"><img width=\"300\" height=\"139\" src=\"http:\/\/compositemtl.ca\/wp-content\/uploads\/2026\/02\/Design-sans-titre-300x139.png\" class=\"vc_single_image-img attachment-medium\" alt=\"\" loading=\"lazy\" title=\"Design sans titre\" srcset=\"http:\/\/compositemtl.ca\/wp-content\/uploads\/2026\/02\/Design-sans-titre-300x139.png 300w, http:\/\/compositemtl.ca\/wp-content\/uploads\/2026\/02\/Design-sans-titre-768x355.png 768w, http:\/\/compositemtl.ca\/wp-content\/uploads\/2026\/02\/Design-sans-titre-18x8.png 18w, http:\/\/compositemtl.ca\/wp-content\/uploads\/2026\/02\/Design-sans-titre-806x372.png 806w, http:\/\/compositemtl.ca\/wp-content\/uploads\/2026\/02\/Design-sans-titre-558x258.png 558w, http:\/\/compositemtl.ca\/wp-content\/uploads\/2026\/02\/Design-sans-titre-655x302.png 655w, http:\/\/compositemtl.ca\/wp-content\/uploads\/2026\/02\/Design-sans-titre-24x11.png 24w, http:\/\/compositemtl.ca\/wp-content\/uploads\/2026\/02\/Design-sans-titre-36x17.png 36w, http:\/\/compositemtl.ca\/wp-content\/uploads\/2026\/02\/Design-sans-titre-48x22.png 48w, http:\/\/compositemtl.ca\/wp-content\/uploads\/2026\/02\/Design-sans-titre.png 1005w\" sizes=\"(max-width: 300px) 100vw, 300px\" \/><\/div>\n\t\t<\/figure>\n\t<\/div>\n<\/div><\/div><\/div><div class=\"wpb_column vc_column_container vc_col-sm-7\"><div class=\"vc_column-inner\"><div class=\"wpb_wrapper\">\n\t<div class=\"wpb_text_column wpb_content_element  post-formatting\" >\n\t\t<div class=\"wpb_wrapper\">\n\t\t\t<div class=\"o9v6fnle cxmmr5t8 oygrvhab hcukyx3x c1et5uql\"><strong><span style=\"color: #000000;\">ABOUT ATELIERS BELLEVILLE<\/span><\/strong><br \/>\n<a href=\"https:\/\/ateliersbelleville.com\/\">https:\/\/ateliersbelleville.com\/<\/a><\/div>\n<div><\/div>\n<div class=\"o9v6fnle cxmmr5t8 oygrvhab hcukyx3x c1et5uql\"><span style=\"color: #000000;\">Ateliers Belleville (non-profit organization) is an artistic and social hub dedicated to research and creation, with a mission to support the growth and visibility of independent artistic practices. It provides resources for independent artists and craftspeople in the visual arts and fine crafts, including affordable studio spaces and shared tools and machinery. These collective workshops foster collaboration and partnerships among stakeholders from diverse fields. Through LAB, the organization aims to contribute to the development of tools and processes that facilitate and encourage collective ownership of artist studio spaces.<\/span><\/div>\n\n\t\t<\/div>\n\t<\/div>\n<\/div><\/div><\/div><div class=\"wpb_column vc_column_container vc_col-sm-12\"><div class=\"vc_column-inner\"><div class=\"wpb_wrapper\"><div class=\"vc_separator wpb_content_element vc_separator_align_center vc_sep_width_100 vc_sep_pos_align_center vc_separator_no_text vc_sep_color_grey\" ><span class=\"vc_sep_holder vc_sep_holder_l\"><span  class=\"vc_sep_line\"><\/span><\/span><span class=\"vc_sep_holder vc_sep_holder_r\"><span  class=\"vc_sep_line\"><\/span><\/span>\n<\/div><\/div><\/div><\/div><\/div><div class=\"vc_row wpb_row vc_inner vc_row-fluid\"><div class=\"wpb_column vc_column_container vc_col-sm-4\"><div class=\"vc_column-inner\"><div class=\"wpb_wrapper\">\n\t<div  class=\"wpb_single_image wpb_content_element vc_align_left\">\n\t\t\n\t\t<figure class=\"wpb_wrapper vc_figure\">\n\t\t\t<div class=\"vc_single_image-wrapper   vc_box_border_grey\"><img width=\"300\" height=\"158\" src=\"http:\/\/compositemtl.ca\/wp-content\/uploads\/2026\/03\/Design-sans-titre-1-300x158.png\" class=\"vc_single_image-img attachment-medium\" alt=\"\" loading=\"lazy\" title=\"Design sans titre (1)\" srcset=\"http:\/\/compositemtl.ca\/wp-content\/uploads\/2026\/03\/Design-sans-titre-1-300x158.png 300w, http:\/\/compositemtl.ca\/wp-content\/uploads\/2026\/03\/Design-sans-titre-1-18x9.png 18w, http:\/\/compositemtl.ca\/wp-content\/uploads\/2026\/03\/Design-sans-titre-1-24x13.png 24w, http:\/\/compositemtl.ca\/wp-content\/uploads\/2026\/03\/Design-sans-titre-1-36x19.png 36w, http:\/\/compositemtl.ca\/wp-content\/uploads\/2026\/03\/Design-sans-titre-1-48x25.png 48w, http:\/\/compositemtl.ca\/wp-content\/uploads\/2026\/03\/Design-sans-titre-1.png 362w\" sizes=\"(max-width: 300px) 100vw, 300px\" \/><\/div>\n\t\t<\/figure>\n\t<\/div>\n<\/div><\/div><\/div><div class=\"wpb_column vc_column_container vc_col-sm-7\"><div class=\"vc_column-inner\"><div class=\"wpb_wrapper\">\n\t<div class=\"wpb_text_column wpb_content_element  post-formatting\" >\n\t\t<div class=\"wpb_wrapper\">\n\t\t\t<div class=\"o9v6fnle cxmmr5t8 oygrvhab hcukyx3x c1et5uql\"><strong><span style=\"color: #000000;\">\u00c0 PROPOS DE GOETHE-INSTITUT<\/span><\/strong><br \/>\n<a href=\"https:\/\/www.goethe.de\/ins\/ca\/fr\/sta\/mon.html\">https:\/\/www.goethe.de\/ins\/ca\/fr\/sta\/mon.html<\/a><\/div>\n<div><\/div>\n<div class=\"o9v6fnle cxmmr5t8 oygrvhab hcukyx3x c1et5uql\"><span style=\"color: #000000;\">Le Goethe-Institut est l\u2019institut culturel officiel de l\u2019Allemagne. Il a pour mission de promouvoir la langue allemande, de soutenir les \u00e9changes culturels internationaux et de diffuser une image contemporaine de l\u2019Allemagne. \u00c0 travers des cours de langue, des \u00e9v\u00e9nements et des projets de coop\u00e9ration, il contribue \u00e0 renforcer les liens culturels et \u00e9ducatifs entre l\u2019Allemagne et le Canada.<\/span><\/div>\n\n\t\t<\/div>\n\t<\/div>\n<\/div><\/div><\/div><div class=\"wpb_column vc_column_container vc_col-sm-12\"><div class=\"vc_column-inner\"><div class=\"wpb_wrapper\"><div class=\"vc_separator wpb_content_element vc_separator_align_center vc_sep_width_100 vc_sep_pos_align_center vc_separator_no_text vc_sep_color_grey\" ><span class=\"vc_sep_holder vc_sep_holder_l\"><span  class=\"vc_sep_line\"><\/span><\/span><span class=\"vc_sep_holder vc_sep_holder_r\"><span  class=\"vc_sep_line\"><\/span><\/span>\n<\/div><\/div><\/div><\/div><\/div><div class=\"vc_row wpb_row vc_inner vc_row-fluid\"><div class=\"wpb_column vc_column_container vc_col-sm-4\"><div class=\"vc_column-inner\"><div class=\"wpb_wrapper\">\n\t<div  class=\"wpb_single_image wpb_content_element vc_align_left\">\n\t\t\n\t\t<figure class=\"wpb_wrapper vc_figure\">\n\t\t\t<div class=\"vc_single_image-wrapper   vc_box_border_grey\"><img width=\"706\" height=\"778\" src=\"http:\/\/compositemtl.ca\/wp-content\/uploads\/2022\/03\/Capture-de\u0301cran-2022-03-20-a\u0300-21.16.39.png\" class=\"vc_single_image-img attachment-full\" alt=\"\" loading=\"lazy\" title=\"Capture d\u2019e\u0301cran 2022-03-20 a\u0300 21.16.39\" srcset=\"http:\/\/compositemtl.ca\/wp-content\/uploads\/2022\/03\/Capture-de\u0301cran-2022-03-20-a\u0300-21.16.39.png 706w, http:\/\/compositemtl.ca\/wp-content\/uploads\/2022\/03\/Capture-de\u0301cran-2022-03-20-a\u0300-21.16.39-272x300.png 272w, http:\/\/compositemtl.ca\/wp-content\/uploads\/2022\/03\/Capture-de\u0301cran-2022-03-20-a\u0300-21.16.39-11x12.png 11w, http:\/\/compositemtl.ca\/wp-content\/uploads\/2022\/03\/Capture-de\u0301cran-2022-03-20-a\u0300-21.16.39-558x615.png 558w, http:\/\/compositemtl.ca\/wp-content\/uploads\/2022\/03\/Capture-de\u0301cran-2022-03-20-a\u0300-21.16.39-655x722.png 655w, http:\/\/compositemtl.ca\/wp-content\/uploads\/2022\/03\/Capture-de\u0301cran-2022-03-20-a\u0300-21.16.39-22x24.png 22w, http:\/\/compositemtl.ca\/wp-content\/uploads\/2022\/03\/Capture-de\u0301cran-2022-03-20-a\u0300-21.16.39-33x36.png 33w, http:\/\/compositemtl.ca\/wp-content\/uploads\/2022\/03\/Capture-de\u0301cran-2022-03-20-a\u0300-21.16.39-44x48.png 44w\" sizes=\"(max-width: 706px) 100vw, 706px\" \/><\/div>\n\t\t<\/figure>\n\t<\/div>\n<\/div><\/div><\/div><div class=\"wpb_column vc_column_container vc_col-sm-7\"><div class=\"vc_column-inner\"><div class=\"wpb_wrapper\">\n\t<div class=\"wpb_text_column wpb_content_element  post-formatting\" >\n\t\t<div class=\"wpb_wrapper\">\n\t\t\t<div class=\"o9v6fnle cxmmr5t8 oygrvhab hcukyx3x c1et5uql\"><strong><span style=\"color: #000000;\">ABOUT THE ART COUNCIL OF MONTREAL<\/span><\/strong><br \/>\n<a href=\"https:\/\/www.artsmontreal.org\">https:\/\/www.artsmontreal.org<\/a><\/div>\n<div><\/div>\n<div class=\"o9v6fnle cxmmr5t8 oygrvhab hcukyx3x c1et5uql\"><span style=\"color: #000000;\">A dynamic partner of artistic creativity in Montreal, the Conseil des arts de Montr\u00e9al identifies, supports, and recognizes excellence and innovation in the creation, production, and presentation of professional artistic endeavours. It encourages openness, discovery, and daring at the heart of Montreal\u2019s artistic landscape, thanks to its initiatives. Since 1956, the Conseil des arts de Montr\u00e9al has been an influential player in the development of \u201cMontreal, Cultural Metropolis.\u201d<\/span><\/div>\n\n\t\t<\/div>\n\t<\/div>\n<\/div><\/div><\/div><div class=\"wpb_column vc_column_container vc_col-sm-12\"><div class=\"vc_column-inner\"><div class=\"wpb_wrapper\"><div class=\"vc_separator wpb_content_element vc_separator_align_center vc_sep_width_100 vc_sep_pos_align_center vc_separator_no_text vc_sep_color_grey\" ><span class=\"vc_sep_holder vc_sep_holder_l\"><span  class=\"vc_sep_line\"><\/span><\/span><span class=\"vc_sep_holder vc_sep_holder_r\"><span  class=\"vc_sep_line\"><\/span><\/span>\n<\/div><\/div><\/div><\/div><\/div><\/div><\/div><\/div><\/div><\/div>","protected":false},"excerpt":{"rendered":"Eastern Bloc en collaboration avec les Ateliers Belleville et le Goethe-Institut, a le plaisir d\u2019accueillir la soir\u00e9e Composite #46 le 3 juin 2026 Composite est un rendez-vous trimestriel de r\u00e9seautage d\u00e9di\u00e9 \u00e0 la cr\u00e9ativit\u00e9 num\u00e9rique. Eastern Bloc en collaboration avec les Ateliers Belleville et le Goethe-Institut, a le plaisir d\u2019accueillir la soir\u00e9e Composite #46 le&hellip;","protected":false},"author":1,"featured_media":3887,"parent":0,"menu_order":0,"comment_status":"closed","ping_status":"closed","template":"","meta":[],"acf":[],"_links":{"self":[{"href":"http:\/\/compositemtl.ca\/en\/wp-json\/wp\/v2\/pages\/415"}],"collection":[{"href":"http:\/\/compositemtl.ca\/en\/wp-json\/wp\/v2\/pages"}],"about":[{"href":"http:\/\/compositemtl.ca\/en\/wp-json\/wp\/v2\/types\/page"}],"author":[{"embeddable":true,"href":"http:\/\/compositemtl.ca\/en\/wp-json\/wp\/v2\/users\/1"}],"replies":[{"embeddable":true,"href":"http:\/\/compositemtl.ca\/en\/wp-json\/wp\/v2\/comments?post=415"}],"version-history":[{"count":506,"href":"http:\/\/compositemtl.ca\/en\/wp-json\/wp\/v2\/pages\/415\/revisions"}],"predecessor-version":[{"id":3900,"href":"http:\/\/compositemtl.ca\/en\/wp-json\/wp\/v2\/pages\/415\/revisions\/3900"}],"wp:featuredmedia":[{"embeddable":true,"href":"http:\/\/compositemtl.ca\/en\/wp-json\/wp\/v2\/media\/3887"}],"wp:attachment":[{"href":"http:\/\/compositemtl.ca\/en\/wp-json\/wp\/v2\/media?parent=415"}],"curies":[{"name":"wp","href":"https:\/\/api.w.org\/{rel}","templated":true}]}}